{"id":4341,"date":"2021-12-02T08:39:44","date_gmt":"2021-12-02T08:39:44","guid":{"rendered":"https:\/\/www.lasquellec.com\/seo-search-engine-optimization\/google-suggest\/"},"modified":"2021-12-02T08:39:44","modified_gmt":"2021-12-02T08:39:44","slug":"google-suggest","status":"publish","type":"page","link":"https:\/\/www.lasquellec.com\/en\/seo-search-engine-optimization\/google-suggest\/","title":{"rendered":"Google Suggest"},"content":{"rendered":"","protected":false},"excerpt":{"rendered":"","protected":false},"author":2,"featured_media":0,"parent":2729,"menu_order":0,"comment_status":"closed","ping_status":"closed","template":"","meta":{"episode_type":"","audio_file":"","cover_image":"","cover_image_id":"","duration":"","filesize":"","date_recorded":"","explicit":"","block":"","filesize_raw":"","ngg_post_thumbnail":0,"footnotes":""},"class_list":["post-4341","page","type-page","status-publish","hentry"],"yoast_head":"<!-- This site is optimized with the Yoast SEO plugin v23.8 - https:\/\/yoast.com\/wordpress\/plugins\/seo\/ -->\n<title>Google Suggest - Jean-Luc Lasquellec<\/title>\n<meta name=\"robots\" content=\"index, follow, max-snippet:-1, max-image-preview:large, max-video-preview:-1\" \/>\n<link rel=\"canonical\" href=\"https:\/\/www.lasquellec.com\/en\/seo-search-engine-optimization\/google-suggest\/\" \/>\n<meta property=\"og:locale\" content=\"en_US\" \/>\n<meta property=\"og:type\" content=\"article\" \/>\n<meta property=\"og:title\" content=\"Google Suggest - Jean-Luc Lasquellec\" \/>\n<meta property=\"og:url\" content=\"https:\/\/www.lasquellec.com\/en\/seo-search-engine-optimization\/google-suggest\/\" \/>\n<meta property=\"og:site_name\" content=\"Jean-Luc Lasquellec\" \/>\n<meta property=\"article:publisher\" content=\"https:\/\/www.facebook.com\/jeanluclasquellec\" \/>\n<meta name=\"twitter:card\" content=\"summary_large_image\" \/>\n<meta name=\"twitter:site\" content=\"@lasquellec\" \/>\n<script type=\"application\/ld+json\" class=\"yoast-schema-graph\">{\"@context\":\"https:\/\/schema.org\",\"@graph\":[{\"@type\":\"WebPage\",\"@id\":\"https:\/\/www.lasquellec.com\/en\/seo-search-engine-optimization\/google-suggest\/\",\"url\":\"https:\/\/www.lasquellec.com\/en\/seo-search-engine-optimization\/google-suggest\/\",\"name\":\"Google Suggest - Jean-Luc Lasquellec\",\"isPartOf\":{\"@id\":\"https:\/\/www.lasquellec.com\/en\/#website\"},\"datePublished\":\"2021-12-02T08:39:44+00:00\",\"dateModified\":\"2021-12-02T08:39:44+00:00\",\"breadcrumb\":{\"@id\":\"https:\/\/www.lasquellec.com\/en\/seo-search-engine-optimization\/google-suggest\/#breadcrumb\"},\"inLanguage\":\"en-US\",\"potentialAction\":[{\"@type\":\"ReadAction\",\"target\":[\"https:\/\/www.lasquellec.com\/en\/seo-search-engine-optimization\/google-suggest\/\"]}]},{\"@type\":\"BreadcrumbList\",\"@id\":\"https:\/\/www.lasquellec.com\/en\/seo-search-engine-optimization\/google-suggest\/#breadcrumb\",\"itemListElement\":[{\"@type\":\"ListItem\",\"position\":1,\"name\":\"Accueil\",\"item\":\"https:\/\/www.lasquellec.com\/en\/\"},{\"@type\":\"ListItem\",\"position\":2,\"name\":\"SEO &#8211; Search engine optimization\",\"item\":\"https:\/\/www.lasquellec.com\/en\/seo-search-engine-optimization\/\"},{\"@type\":\"ListItem\",\"position\":3,\"name\":\"Google Suggest\"}]},{\"@type\":\"WebSite\",\"@id\":\"https:\/\/www.lasquellec.com\/en\/#website\",\"url\":\"https:\/\/www.lasquellec.com\/en\/\",\"name\":\"Jean-Luc Lasquellec\",\"description\":\"Pr\u00e9sident-Fondateur wallcrypt, Co-fondateur Social Maker, Entrepreneur, SEO\",\"publisher\":{\"@id\":\"https:\/\/www.lasquellec.com\/en\/#\/schema\/person\/fa2275359e98df2854234968ff4019c8\"},\"potentialAction\":[{\"@type\":\"SearchAction\",\"target\":{\"@type\":\"EntryPoint\",\"urlTemplate\":\"https:\/\/www.lasquellec.com\/en\/?s={search_term_string}\"},\"query-input\":{\"@type\":\"PropertyValueSpecification\",\"valueRequired\":true,\"valueName\":\"search_term_string\"}}],\"inLanguage\":\"en-US\"},{\"@type\":[\"Person\",\"Organization\"],\"@id\":\"https:\/\/www.lasquellec.com\/en\/#\/schema\/person\/fa2275359e98df2854234968ff4019c8\",\"name\":\"Jean-Luc Lasquellec\",\"image\":{\"@type\":\"ImageObject\",\"inLanguage\":\"en-US\",\"@id\":\"https:\/\/www.lasquellec.com\/en\/#\/schema\/person\/image\/\",\"url\":\"https:\/\/www.lasquellec.com\/wp-content\/uploads\/2020\/02\/LASQUELLEC-Jean-Luc.jpg\",\"contentUrl\":\"https:\/\/www.lasquellec.com\/wp-content\/uploads\/2020\/02\/LASQUELLEC-Jean-Luc.jpg\",\"width\":720,\"height\":720,\"caption\":\"Jean-Luc Lasquellec\"},\"logo\":{\"@id\":\"https:\/\/www.lasquellec.com\/en\/#\/schema\/person\/image\/\"},\"description\":\"Entrepreneur depuis plus de 30 ans. J'ai cr\u00e9\u00e9 et d\u00e9velopp\u00e9 plusieurs entreprises dans les secteurs du r\u00e9f\u00e9rencement Google, de l'Er\u00e9putation et de la formation continue professionnelle. Depuis plusieurs ann\u00e9es je m'int\u00e9resse \u00e0 la Blockchain et \u00e0 l'IA. J'accompagne les entreprises dans la mise en \u0153uvre de la strat\u00e9gie referencement Google et visibilit\u00e9 dans les r\u00e9sultats des r\u00e9ponses IA.\",\"sameAs\":[\"https:\/\/www.lasquellec.com\",\"https:\/\/www.facebook.com\/jeanluclasquellec\",\"https:\/\/www.linkedin.com\/in\/jllasquellec\/\",\"pinterest.com\/jllasquellec\",\"https:\/\/x.com\/www.twitter.com\/lasquellec\",\"https:\/\/www.youtube.com\/JeanLucLasquellec-pro\",\"https:\/\/soundcloud.com\/lasquellec\"]}]}<\/script>\n<!-- \/ Yoast SEO plugin. -->","yoast_head_json":{"title":"Google Suggest - Jean-Luc Lasquellec","robots":{"index":"index","follow":"follow","max-snippet":"max-snippet:-1","max-image-preview":"max-image-preview:large","max-video-preview":"max-video-preview:-1"},"canonical":"https:\/\/www.lasquellec.com\/en\/seo-search-engine-optimization\/google-suggest\/","og_locale":"en_US","og_type":"article","og_title":"Google Suggest - Jean-Luc Lasquellec","og_url":"https:\/\/www.lasquellec.com\/en\/seo-search-engine-optimization\/google-suggest\/","og_site_name":"Jean-Luc Lasquellec","article_publisher":"https:\/\/www.facebook.com\/jeanluclasquellec","twitter_card":"summary_large_image","twitter_site":"@lasquellec","schema":{"@context":"https:\/\/schema.org","@graph":[{"@type":"WebPage","@id":"https:\/\/www.lasquellec.com\/en\/seo-search-engine-optimization\/google-suggest\/","url":"https:\/\/www.lasquellec.com\/en\/seo-search-engine-optimization\/google-suggest\/","name":"Google Suggest - Jean-Luc Lasquellec","isPartOf":{"@id":"https:\/\/www.lasquellec.com\/en\/#website"},"datePublished":"2021-12-02T08:39:44+00:00","dateModified":"2021-12-02T08:39:44+00:00","breadcrumb":{"@id":"https:\/\/www.lasquellec.com\/en\/seo-search-engine-optimization\/google-suggest\/#breadcrumb"},"inLanguage":"en-US","potentialAction":[{"@type":"ReadAction","target":["https:\/\/www.lasquellec.com\/en\/seo-search-engine-optimization\/google-suggest\/"]}]},{"@type":"BreadcrumbList","@id":"https:\/\/www.lasquellec.com\/en\/seo-search-engine-optimization\/google-suggest\/#breadcrumb","itemListElement":[{"@type":"ListItem","position":1,"name":"Accueil","item":"https:\/\/www.lasquellec.com\/en\/"},{"@type":"ListItem","position":2,"name":"SEO &#8211; Search engine optimization","item":"https:\/\/www.lasquellec.com\/en\/seo-search-engine-optimization\/"},{"@type":"ListItem","position":3,"name":"Google Suggest"}]},{"@type":"WebSite","@id":"https:\/\/www.lasquellec.com\/en\/#website","url":"https:\/\/www.lasquellec.com\/en\/","name":"Jean-Luc Lasquellec","description":"Pr\u00e9sident-Fondateur wallcrypt, Co-fondateur Social Maker, Entrepreneur, SEO","publisher":{"@id":"https:\/\/www.lasquellec.com\/en\/#\/schema\/person\/fa2275359e98df2854234968ff4019c8"},"potentialAction":[{"@type":"SearchAction","target":{"@type":"EntryPoint","urlTemplate":"https:\/\/www.lasquellec.com\/en\/?s={search_term_string}"},"query-input":{"@type":"PropertyValueSpecification","valueRequired":true,"valueName":"search_term_string"}}],"inLanguage":"en-US"},{"@type":["Person","Organization"],"@id":"https:\/\/www.lasquellec.com\/en\/#\/schema\/person\/fa2275359e98df2854234968ff4019c8","name":"Jean-Luc Lasquellec","image":{"@type":"ImageObject","inLanguage":"en-US","@id":"https:\/\/www.lasquellec.com\/en\/#\/schema\/person\/image\/","url":"https:\/\/www.lasquellec.com\/wp-content\/uploads\/2020\/02\/LASQUELLEC-Jean-Luc.jpg","contentUrl":"https:\/\/www.lasquellec.com\/wp-content\/uploads\/2020\/02\/LASQUELLEC-Jean-Luc.jpg","width":720,"height":720,"caption":"Jean-Luc Lasquellec"},"logo":{"@id":"https:\/\/www.lasquellec.com\/en\/#\/schema\/person\/image\/"},"description":"Entrepreneur depuis plus de 30 ans. J'ai cr\u00e9\u00e9 et d\u00e9velopp\u00e9 plusieurs entreprises dans les secteurs du r\u00e9f\u00e9rencement Google, de l'Er\u00e9putation et de la formation continue professionnelle. Depuis plusieurs ann\u00e9es je m'int\u00e9resse \u00e0 la Blockchain et \u00e0 l'IA. J'accompagne les entreprises dans la mise en \u0153uvre de la strat\u00e9gie referencement Google et visibilit\u00e9 dans les r\u00e9sultats des r\u00e9ponses IA.","sameAs":["https:\/\/www.lasquellec.com","https:\/\/www.facebook.com\/jeanluclasquellec","https:\/\/www.linkedin.com\/in\/jllasquellec\/","pinterest.com\/jllasquellec","https:\/\/x.com\/www.twitter.com\/lasquellec","https:\/\/www.youtube.com\/JeanLucLasquellec-pro","https:\/\/soundcloud.com\/lasquellec"]}]}},"_links":{"self":[{"href":"https:\/\/www.lasquellec.com\/en\/wp-json\/wp\/v2\/pages\/4341","targetHints":{"allow":["GET"]}}],"collection":[{"href":"https:\/\/www.lasquellec.com\/en\/wp-json\/wp\/v2\/pages"}],"about":[{"href":"https:\/\/www.lasquellec.com\/en\/wp-json\/wp\/v2\/types\/page"}],"author":[{"embeddable":true,"href":"https:\/\/www.lasquellec.com\/en\/wp-json\/wp\/v2\/users\/2"}],"replies":[{"embeddable":true,"href":"https:\/\/www.lasquellec.com\/en\/wp-json\/wp\/v2\/comments?post=4341"}],"version-history":[{"count":0,"href":"https:\/\/www.lasquellec.com\/en\/wp-json\/wp\/v2\/pages\/4341\/revisions"}],"up":[{"embeddable":true,"href":"https:\/\/www.lasquellec.com\/en\/wp-json\/wp\/v2\/pages\/2729"}],"wp:attachment":[{"href":"https:\/\/www.lasquellec.com\/en\/wp-json\/wp\/v2\/media?parent=4341"}],"curies":[{"name":"wp","href":"https:\/\/api.w.org\/{rel}","templated":true}]}}