{"id":2739,"date":"2020-05-20T05:32:14","date_gmt":"2020-05-20T05:32:14","guid":{"rendered":"https:\/\/www.lasquellec.com\/?page_id=2739"},"modified":"2020-05-20T14:35:56","modified_gmt":"2020-05-20T14:35:56","slug":"marketing-relationnel","status":"publish","type":"page","link":"https:\/\/www.lasquellec.com\/en\/digital-marketing\/marketing-relationnel\/","title":{"rendered":"Marketing Relationnel"},"content":{"rendered":"<div class=\"wpb-content-wrapper\"><p>[vc_row][vc_column]<div  class=\"jeg_postblock_2 jeg_postblock jeg_module_hook jeg_pagination_disable jeg_col_2o3 jnews_module__0_69f1b86da58da   \" data-unique=\"jnews_module__0_69f1b86da58da\">\n\t\t\t\t\t<div class=\"jeg_block_heading jeg_block_heading_6 jeg_subcat_right\">\n                     <h3 class=\"jeg_block_title\"><span>Marketing relationnel<\/span><\/h3>\n                     \n                 <\/div>\n\t\t\t\t\t<div class=\"jeg_block_container\">\n                    \n                    <article class=\"jeg_post jeg_pl_lg_2 format-standard\">\n                        <div class=\"jeg_thumb\">\n                    \n                    <a href=\"https:\/\/www.lasquellec.com\/en\/relational-marketing\/\"><div class=\"thumbnail-container animate-lazy  size-715 \"><img loading=\"lazy\" decoding=\"async\" width=\"350\" height=\"250\" src=\"https:\/\/www.lasquellec.com\/wp-content\/themes\/jnews\/assets\/img\/jeg-empty.png\" class=\"attachment-jnews-350x250 size-jnews-350x250 lazyload wp-post-image\" alt=\"Marketing Relationnel\" sizes=\"auto, (max-width: 350px) 100vw, 350px\" data-src=\"https:\/\/www.lasquellec.com\/wp-content\/uploads\/2020\/04\/36668438_s-350x250.jpg\" data-srcset=\"https:\/\/www.lasquellec.com\/wp-content\/uploads\/2020\/04\/36668438_s-350x250.jpg 350w, https:\/\/www.lasquellec.com\/wp-content\/uploads\/2020\/04\/36668438_s-120x86.jpg 120w, https:\/\/www.lasquellec.com\/wp-content\/uploads\/2020\/04\/36668438_s-750x536.jpg 750w\" data-sizes=\"auto\" data-expand=\"700\" \/><\/div><\/a>\n                    <div class=\"jeg_post_category\">\n                        <span><a href=\"https:\/\/www.lasquellec.com\/en\/category\/marketing-relationnel-en\/\" class=\"category-marketing-relationnel-en\">Relational marketing<\/a><\/span>\n                    <\/div>\n                <\/div>\n                <div class=\"jeg_postblock_content\">\n                    <h3 class=\"jeg_post_title\">\n                        <a href=\"https:\/\/www.lasquellec.com\/en\/relational-marketing\/\">Relational marketing<\/a>\n                    <\/h3>\n                    <div class=\"jeg_post_meta\"><div class=\"jeg_meta_author\"><span class=\"by\">by<\/span> <a href=\"https:\/\/www.lasquellec.com\/en\/author\/jeanluc\/\">Jean-Luc Lasquellec<\/a><\/div><div class=\"jeg_meta_date\"><a href=\"https:\/\/www.lasquellec.com\/en\/relational-marketing\/\"><i class=\"fa fa-clock-o\"><\/i> June 9, 2020<\/a><\/div><div class=\"jeg_meta_comment\"><a href=\"https:\/\/www.lasquellec.com\/en\/relational-marketing\/#comments\" ><i class=\"fa fa-comment-o\"><\/i> 0 <\/a><\/div><\/div>\n                    <div class=\"jeg_post_excerpt\">\n                        <p>Qu'est ce que le marketing relationnel ? &nbsp; La&nbsp;vente multiniveau&nbsp;ou, selon qui l'emploie,&nbsp;marketing relationnel,&nbsp;marketing \u00e0 paliers multiples,&nbsp;vente en r\u00e9seau par...<\/p>\n                        <a href=\"https:\/\/www.lasquellec.com\/en\/relational-marketing\/\" class=\"jeg_readmore\">Read more<\/a>\n                    <\/div>\n                <\/div>\n                    <\/article><div class=\"jeg_posts_wrap\">\n                                                            <div class=\"jeg_posts jeg_load_more_flag\">\n                                                                <article class=\"jeg_post jeg_pl_sm format-standard\">\n                    <div class=\"jeg_thumb\">\n                        \n                        <a href=\"https:\/\/www.lasquellec.com\/en\/comparaison-cartes-minage-cryptos\/\">\n                            <div class=\"thumbnail-container animate-lazy  size-715 \"><img loading=\"lazy\" decoding=\"async\" width=\"120\" height=\"86\" src=\"https:\/\/www.lasquellec.com\/wp-content\/themes\/jnews\/assets\/img\/jeg-empty.png\" class=\"attachment-jnews-120x86 size-jnews-120x86 lazyload wp-post-image\" alt=\"Produire des crypto-monnaies grace aux pools de minage !\" sizes=\"auto, (max-width: 120px) 100vw, 120px\" data-src=\"https:\/\/www.lasquellec.com\/wp-content\/uploads\/2022\/08\/produire-crypto-monnaies-44039190-36149767-120x86.jpg\" data-srcset=\"https:\/\/www.lasquellec.com\/wp-content\/uploads\/2022\/08\/produire-crypto-monnaies-44039190-36149767-120x86.jpg 120w, https:\/\/www.lasquellec.com\/wp-content\/uploads\/2022\/08\/produire-crypto-monnaies-44039190-36149767-350x250.jpg 350w\" data-sizes=\"auto\" data-expand=\"700\" \/><\/div>\n                        <\/a>\n                    <\/div>\n                    <div class=\"jeg_postblock_content\">\n                        <h3 class=\"jeg_post_title\">\n                            <a href=\"https:\/\/www.lasquellec.com\/en\/comparaison-cartes-minage-cryptos\/\">Comparaison des cartes pour le minage de cryptos<\/a>\n                        <\/h3>\n                        <div class=\"jeg_post_meta\"><div class=\"jeg_meta_date\"><a href=\"https:\/\/www.lasquellec.com\/en\/comparaison-cartes-minage-cryptos\/\" ><i class=\"fa fa-clock-o\"><\/i> August 26, 2022<\/a><\/div><\/div>\n                    <\/div>\n                <\/article><article class=\"jeg_post jeg_pl_sm format-standard\">\n                    <div class=\"jeg_thumb\">\n                        \n                        <a href=\"https:\/\/www.lasquellec.com\/en\/how-to-store-your-bitcoins-on-paper\/\">\n                            <div class=\"thumbnail-container animate-lazy  size-715 \"><img loading=\"lazy\" decoding=\"async\" width=\"120\" height=\"86\" src=\"https:\/\/www.lasquellec.com\/wp-content\/themes\/jnews\/assets\/img\/jeg-empty.png\" class=\"attachment-jnews-120x86 size-jnews-120x86 lazyload wp-post-image\" alt=\"Blockchain\" sizes=\"auto, (max-width: 120px) 100vw, 120px\" data-src=\"https:\/\/www.lasquellec.com\/wp-content\/uploads\/2020\/12\/110543236_s-120x86.jpg\" data-srcset=\"https:\/\/www.lasquellec.com\/wp-content\/uploads\/2020\/12\/110543236_s-120x86.jpg 120w, https:\/\/www.lasquellec.com\/wp-content\/uploads\/2020\/12\/110543236_s-350x250.jpg 350w, https:\/\/www.lasquellec.com\/wp-content\/uploads\/2020\/12\/110543236_s-750x536.jpg 750w\" data-sizes=\"auto\" data-expand=\"700\" \/><\/div>\n                        <\/a>\n                    <\/div>\n                    <div class=\"jeg_postblock_content\">\n                        <h3 class=\"jeg_post_title\">\n                            <a href=\"https:\/\/www.lasquellec.com\/en\/how-to-store-your-bitcoins-on-paper\/\">How to store your bitcoins on paper?<\/a>\n                        <\/h3>\n                        <div class=\"jeg_post_meta\"><div class=\"jeg_meta_date\"><a href=\"https:\/\/www.lasquellec.com\/en\/how-to-store-your-bitcoins-on-paper\/\" ><i class=\"fa fa-clock-o\"><\/i> December 28, 2020<\/a><\/div><\/div>\n                    <\/div>\n                <\/article><article class=\"jeg_post jeg_pl_sm format-standard\">\n                    <div class=\"jeg_thumb\">\n                        \n                        <a href=\"https:\/\/www.lasquellec.com\/en\/the-power-of-positive-thinking\/\">\n                            <div class=\"thumbnail-container animate-lazy  size-715 \"><img loading=\"lazy\" decoding=\"async\" width=\"120\" height=\"86\" src=\"https:\/\/www.lasquellec.com\/wp-content\/themes\/jnews\/assets\/img\/jeg-empty.png\" class=\"attachment-jnews-120x86 size-jnews-120x86 lazyload wp-post-image\" alt=\"The power of positive thinking\" sizes=\"auto, (max-width: 120px) 100vw, 120px\" data-src=\"https:\/\/www.lasquellec.com\/wp-content\/uploads\/2020\/06\/femme-heureuse-120x86.jpg\" data-srcset=\"https:\/\/www.lasquellec.com\/wp-content\/uploads\/2020\/06\/femme-heureuse-120x86.jpg 120w, https:\/\/www.lasquellec.com\/wp-content\/uploads\/2020\/06\/femme-heureuse-350x250.jpg 350w, https:\/\/www.lasquellec.com\/wp-content\/uploads\/2020\/06\/femme-heureuse-750x536.jpg 750w, https:\/\/www.lasquellec.com\/wp-content\/uploads\/2020\/06\/femme-heureuse-1140x815.jpg 1140w\" data-sizes=\"auto\" data-expand=\"700\" \/><\/div>\n                        <\/a>\n                    <\/div>\n                    <div class=\"jeg_postblock_content\">\n                        <h3 class=\"jeg_post_title\">\n                            <a href=\"https:\/\/www.lasquellec.com\/en\/the-power-of-positive-thinking\/\">The power of positive thinking<\/a>\n                        <\/h3>\n                        <div class=\"jeg_post_meta\"><div class=\"jeg_meta_date\"><a href=\"https:\/\/www.lasquellec.com\/en\/the-power-of-positive-thinking\/\" ><i class=\"fa fa-clock-o\"><\/i> June 3, 2020<\/a><\/div><\/div>\n                    <\/div>\n                <\/article><article class=\"jeg_post jeg_pl_sm format-standard\">\n                    <div class=\"jeg_thumb\">\n                        \n                        <a href=\"https:\/\/www.lasquellec.com\/en\/my-favorite-quotes\/\">\n                            <div class=\"thumbnail-container animate-lazy  size-715 \"><img loading=\"lazy\" decoding=\"async\" width=\"120\" height=\"86\" src=\"https:\/\/www.lasquellec.com\/wp-content\/themes\/jnews\/assets\/img\/jeg-empty.png\" class=\"attachment-jnews-120x86 size-jnews-120x86 lazyload wp-post-image\" alt=\"\" sizes=\"auto, (max-width: 120px) 100vw, 120px\" data-src=\"https:\/\/www.lasquellec.com\/wp-content\/uploads\/2020\/03\/victor-hugo-120x86.jpg\" data-srcset=\"https:\/\/www.lasquellec.com\/wp-content\/uploads\/2020\/03\/victor-hugo-120x86.jpg 120w, https:\/\/www.lasquellec.com\/wp-content\/uploads\/2020\/03\/victor-hugo-350x250.jpg 350w, https:\/\/www.lasquellec.com\/wp-content\/uploads\/2020\/03\/victor-hugo-750x536.jpg 750w, https:\/\/www.lasquellec.com\/wp-content\/uploads\/2020\/03\/victor-hugo-1140x815.jpg 1140w\" data-sizes=\"auto\" data-expand=\"700\" \/><\/div>\n                        <\/a>\n                    <\/div>\n                    <div class=\"jeg_postblock_content\">\n                        <h3 class=\"jeg_post_title\">\n                            <a href=\"https:\/\/www.lasquellec.com\/en\/my-favorite-quotes\/\">My favorite quotes<\/a>\n                        <\/h3>\n                        <div class=\"jeg_post_meta\"><div class=\"jeg_meta_date\"><a href=\"https:\/\/www.lasquellec.com\/en\/my-favorite-quotes\/\" ><i class=\"fa fa-clock-o\"><\/i> May 29, 2020<\/a><\/div><\/div>\n                    <\/div>\n                <\/article>\n                                                            <\/div>\n                                                        <\/div>\n                    <div class='module-overlay'>\n\t\t\t\t    <div class='preloader_type preloader_dot'>\n\t\t\t\t        <div class=\"module-preloader jeg_preloader dot\">\n\t\t\t\t            <span><\/span><span><\/span><span><\/span>\n\t\t\t\t        <\/div>\n\t\t\t\t        <div class=\"module-preloader jeg_preloader circle\">\n\t\t\t\t            <div class=\"jnews_preloader_circle_outer\">\n\t\t\t\t                <div class=\"jnews_preloader_circle_inner\"><\/div>\n\t\t\t\t            <\/div>\n\t\t\t\t        <\/div>\n\t\t\t\t        <div class=\"module-preloader jeg_preloader square\">\n\t\t\t\t            <div class=\"jeg_square\">\n\t\t\t\t                <div class=\"jeg_square_inner\"><\/div>\n\t\t\t\t            <\/div>\n\t\t\t\t        <\/div>\n\t\t\t\t    <\/div>\n\t\t\t\t<\/div>\n                <\/div>\n                <div class=\"jeg_block_navigation\">\n                    <div class='navigation_overlay'><div class='module-preloader jeg_preloader'><span><\/span><span><\/span><span><\/span><\/div><\/div>\n                    \n                    \n                <\/div>\n\t\t\t\t\t\n\t\t\t\t\t<script>var jnews_module__0_69f1b86da58da = {\"header_icon\":\"\",\"first_title\":\"Marketing relationnel\",\"second_title\":\"\",\"url\":\"\",\"header_type\":\"heading_6\",\"header_background\":\"\",\"header_secondary_background\":\"\",\"header_text_color\":\"\",\"header_line_color\":\"\",\"header_accent_color\":\"\",\"header_filter_category\":\"\",\"header_filter_author\":\"\",\"header_filter_tag\":\"\",\"header_filter_text\":\"All\",\"post_type\":\"post\",\"content_type\":\"all\",\"sponsor\":false,\"number_post\":\"5\",\"post_offset\":\"0\",\"unique_content\":\"disable\",\"include_post\":\"marketing,2457\",\"included_only\":false,\"exclude_post\":\"\",\"include_category\":\"\",\"exclude_category\":\"\",\"include_author\":\"\",\"include_tag\":\"\",\"exclude_tag\":\"\",\"post_tag\":\"\",\"series\":\"\",\"sort_by\":\"latest\",\"date_format\":\"default\",\"date_format_custom\":\"Y\\\/m\\\/d\",\"excerpt_length\":\"20\",\"excerpt_ellipsis\":\"...\",\"force_normal_image_load\":\"\",\"pagination_mode\":\"disable\",\"pagination_nextprev_showtext\":\"\",\"pagination_number_post\":4,\"pagination_scroll_limit\":0,\"boxed\":\"\",\"boxed_shadow\":\"\",\"el_id\":\"\",\"el_class\":\"\",\"scheme\":\"\",\"column_width\":\"auto\",\"title_color\":\"\",\"accent_color\":\"\",\"alt_color\":\"\",\"excerpt_color\":\"\",\"css\":\"\",\"compatible_column_notice\":\"\",\"paged\":1,\"column_class\":\"jeg_col_2o3\",\"class\":\"jnews_block_2\"};<\/script>\n\t\t\t\t<\/div>[\/vc_column][\/vc_row]<\/p>\n<\/div>","protected":false},"excerpt":{"rendered":"<p>[vc_row][vc_column][\/vc_column][\/vc_row]<\/p>\n","protected":false},"author":1,"featured_media":2742,"parent":2704,"menu_order":0,"comment_status":"closed","ping_status":"closed","template":"","meta":{"episode_type":"","audio_file":"","cover_image":"","cover_image_id":"","duration":"","filesize":"","date_recorded":"","explicit":"","block":"","filesize_raw":"","ngg_post_thumbnail":0,"footnotes":""},"class_list":["post-2739","page","type-page","status-publish","has-post-thumbnail","hentry"],"yoast_head":"<!-- This site is optimized with the Yoast SEO plugin v23.8 - https:\/\/yoast.com\/wordpress\/plugins\/seo\/ -->\n<title>Marketing Relationnel - Jean-Luc Lasquellec<\/title>\n<meta name=\"robots\" content=\"index, follow, max-snippet:-1, max-image-preview:large, max-video-preview:-1\" \/>\n<link rel=\"canonical\" href=\"https:\/\/www.lasquellec.com\/en\/digital-marketing\/marketing-relationnel\/\" \/>\n<meta property=\"og:locale\" content=\"en_US\" \/>\n<meta property=\"og:type\" content=\"article\" \/>\n<meta property=\"og:title\" content=\"Marketing Relationnel - Jean-Luc Lasquellec\" \/>\n<meta property=\"og:description\" content=\"[vc_row][vc_column][\/vc_column][\/vc_row]\" \/>\n<meta property=\"og:url\" content=\"https:\/\/www.lasquellec.com\/en\/digital-marketing\/marketing-relationnel\/\" \/>\n<meta property=\"og:site_name\" content=\"Jean-Luc Lasquellec\" \/>\n<meta property=\"article:publisher\" content=\"https:\/\/www.facebook.com\/jeanluclasquellec\" \/>\n<meta property=\"article:modified_time\" content=\"2020-05-20T14:35:56+00:00\" \/>\n<meta property=\"og:image\" content=\"https:\/\/www.lasquellec.com\/wp-content\/uploads\/2020\/04\/36668438_s.jpg\" \/>\n\t<meta property=\"og:image:width\" content=\"848\" \/>\n\t<meta property=\"og:image:height\" content=\"565\" \/>\n\t<meta property=\"og:image:type\" content=\"image\/jpeg\" \/>\n<meta name=\"twitter:card\" content=\"summary_large_image\" \/>\n<meta name=\"twitter:site\" content=\"@lasquellec\" \/>\n<script type=\"application\/ld+json\" class=\"yoast-schema-graph\">{\"@context\":\"https:\/\/schema.org\",\"@graph\":[{\"@type\":\"WebPage\",\"@id\":\"https:\/\/www.lasquellec.com\/en\/digital-marketing\/marketing-relationnel\/\",\"url\":\"https:\/\/www.lasquellec.com\/en\/digital-marketing\/marketing-relationnel\/\",\"name\":\"Marketing Relationnel - Jean-Luc Lasquellec\",\"isPartOf\":{\"@id\":\"https:\/\/www.lasquellec.com\/en\/#website\"},\"primaryImageOfPage\":{\"@id\":\"https:\/\/www.lasquellec.com\/en\/digital-marketing\/marketing-relationnel\/#primaryimage\"},\"image\":{\"@id\":\"https:\/\/www.lasquellec.com\/en\/digital-marketing\/marketing-relationnel\/#primaryimage\"},\"thumbnailUrl\":\"https:\/\/www.lasquellec.com\/wp-content\/uploads\/2020\/04\/36668438_s.jpg\",\"datePublished\":\"2020-05-20T05:32:14+00:00\",\"dateModified\":\"2020-05-20T14:35:56+00:00\",\"breadcrumb\":{\"@id\":\"https:\/\/www.lasquellec.com\/en\/digital-marketing\/marketing-relationnel\/#breadcrumb\"},\"inLanguage\":\"en-US\",\"potentialAction\":[{\"@type\":\"ReadAction\",\"target\":[\"https:\/\/www.lasquellec.com\/en\/digital-marketing\/marketing-relationnel\/\"]}]},{\"@type\":\"ImageObject\",\"inLanguage\":\"en-US\",\"@id\":\"https:\/\/www.lasquellec.com\/en\/digital-marketing\/marketing-relationnel\/#primaryimage\",\"url\":\"https:\/\/www.lasquellec.com\/wp-content\/uploads\/2020\/04\/36668438_s.jpg\",\"contentUrl\":\"https:\/\/www.lasquellec.com\/wp-content\/uploads\/2020\/04\/36668438_s.jpg\",\"width\":848,\"height\":565,\"caption\":\"Marketing segmentation, customers care, customer relationship management (CRM) and team building concepts.\"},{\"@type\":\"BreadcrumbList\",\"@id\":\"https:\/\/www.lasquellec.com\/en\/digital-marketing\/marketing-relationnel\/#breadcrumb\",\"itemListElement\":[{\"@type\":\"ListItem\",\"position\":1,\"name\":\"Accueil\",\"item\":\"https:\/\/www.lasquellec.com\/en\/\"},{\"@type\":\"ListItem\",\"position\":2,\"name\":\"Digital marketing\",\"item\":\"https:\/\/www.lasquellec.com\/en\/digital-marketing\/\"},{\"@type\":\"ListItem\",\"position\":3,\"name\":\"Marketing Relationnel\"}]},{\"@type\":\"WebSite\",\"@id\":\"https:\/\/www.lasquellec.com\/en\/#website\",\"url\":\"https:\/\/www.lasquellec.com\/en\/\",\"name\":\"Jean-Luc Lasquellec\",\"description\":\"Pr\u00e9sident-Fondateur wallcrypt, Co-fondateur Social Maker, Entrepreneur, SEO\",\"publisher\":{\"@id\":\"https:\/\/www.lasquellec.com\/en\/#\/schema\/person\/fa2275359e98df2854234968ff4019c8\"},\"potentialAction\":[{\"@type\":\"SearchAction\",\"target\":{\"@type\":\"EntryPoint\",\"urlTemplate\":\"https:\/\/www.lasquellec.com\/en\/?s={search_term_string}\"},\"query-input\":{\"@type\":\"PropertyValueSpecification\",\"valueRequired\":true,\"valueName\":\"search_term_string\"}}],\"inLanguage\":\"en-US\"},{\"@type\":[\"Person\",\"Organization\"],\"@id\":\"https:\/\/www.lasquellec.com\/en\/#\/schema\/person\/fa2275359e98df2854234968ff4019c8\",\"name\":\"Jean-Luc Lasquellec\",\"image\":{\"@type\":\"ImageObject\",\"inLanguage\":\"en-US\",\"@id\":\"https:\/\/www.lasquellec.com\/en\/#\/schema\/person\/image\/\",\"url\":\"https:\/\/www.lasquellec.com\/wp-content\/uploads\/2020\/02\/LASQUELLEC-Jean-Luc.jpg\",\"contentUrl\":\"https:\/\/www.lasquellec.com\/wp-content\/uploads\/2020\/02\/LASQUELLEC-Jean-Luc.jpg\",\"width\":720,\"height\":720,\"caption\":\"Jean-Luc Lasquellec\"},\"logo\":{\"@id\":\"https:\/\/www.lasquellec.com\/en\/#\/schema\/person\/image\/\"},\"description\":\"Entrepreneur depuis plus de 30 ans. J'ai cr\u00e9\u00e9 et d\u00e9velopp\u00e9 plusieurs entreprises dans les secteurs du r\u00e9f\u00e9rencement Google, de l'Er\u00e9putation et de la formation continue professionnelle. Depuis plusieurs ann\u00e9es je m'int\u00e9resse \u00e0 la Blockchain et \u00e0 l'IA. J'accompagne les entreprises dans la mise en \u0153uvre de la strat\u00e9gie referencement Google et visibilit\u00e9 dans les r\u00e9sultats des r\u00e9ponses IA.\",\"sameAs\":[\"https:\/\/www.lasquellec.com\",\"https:\/\/www.facebook.com\/jeanluclasquellec\",\"https:\/\/www.linkedin.com\/in\/jllasquellec\/\",\"pinterest.com\/jllasquellec\",\"https:\/\/x.com\/www.twitter.com\/lasquellec\",\"https:\/\/www.youtube.com\/JeanLucLasquellec-pro\",\"https:\/\/soundcloud.com\/lasquellec\"]}]}<\/script>\n<!-- \/ Yoast SEO plugin. -->","yoast_head_json":{"title":"Marketing Relationnel - Jean-Luc Lasquellec","robots":{"index":"index","follow":"follow","max-snippet":"max-snippet:-1","max-image-preview":"max-image-preview:large","max-video-preview":"max-video-preview:-1"},"canonical":"https:\/\/www.lasquellec.com\/en\/digital-marketing\/marketing-relationnel\/","og_locale":"en_US","og_type":"article","og_title":"Marketing Relationnel - Jean-Luc Lasquellec","og_description":"[vc_row][vc_column][\/vc_column][\/vc_row]","og_url":"https:\/\/www.lasquellec.com\/en\/digital-marketing\/marketing-relationnel\/","og_site_name":"Jean-Luc Lasquellec","article_publisher":"https:\/\/www.facebook.com\/jeanluclasquellec","article_modified_time":"2020-05-20T14:35:56+00:00","og_image":[{"width":848,"height":565,"url":"https:\/\/www.lasquellec.com\/wp-content\/uploads\/2020\/04\/36668438_s.jpg","type":"image\/jpeg"}],"twitter_card":"summary_large_image","twitter_site":"@lasquellec","schema":{"@context":"https:\/\/schema.org","@graph":[{"@type":"WebPage","@id":"https:\/\/www.lasquellec.com\/en\/digital-marketing\/marketing-relationnel\/","url":"https:\/\/www.lasquellec.com\/en\/digital-marketing\/marketing-relationnel\/","name":"Marketing Relationnel - Jean-Luc Lasquellec","isPartOf":{"@id":"https:\/\/www.lasquellec.com\/en\/#website"},"primaryImageOfPage":{"@id":"https:\/\/www.lasquellec.com\/en\/digital-marketing\/marketing-relationnel\/#primaryimage"},"image":{"@id":"https:\/\/www.lasquellec.com\/en\/digital-marketing\/marketing-relationnel\/#primaryimage"},"thumbnailUrl":"https:\/\/www.lasquellec.com\/wp-content\/uploads\/2020\/04\/36668438_s.jpg","datePublished":"2020-05-20T05:32:14+00:00","dateModified":"2020-05-20T14:35:56+00:00","breadcrumb":{"@id":"https:\/\/www.lasquellec.com\/en\/digital-marketing\/marketing-relationnel\/#breadcrumb"},"inLanguage":"en-US","potentialAction":[{"@type":"ReadAction","target":["https:\/\/www.lasquellec.com\/en\/digital-marketing\/marketing-relationnel\/"]}]},{"@type":"ImageObject","inLanguage":"en-US","@id":"https:\/\/www.lasquellec.com\/en\/digital-marketing\/marketing-relationnel\/#primaryimage","url":"https:\/\/www.lasquellec.com\/wp-content\/uploads\/2020\/04\/36668438_s.jpg","contentUrl":"https:\/\/www.lasquellec.com\/wp-content\/uploads\/2020\/04\/36668438_s.jpg","width":848,"height":565,"caption":"Marketing segmentation, customers care, customer relationship management (CRM) and team building concepts."},{"@type":"BreadcrumbList","@id":"https:\/\/www.lasquellec.com\/en\/digital-marketing\/marketing-relationnel\/#breadcrumb","itemListElement":[{"@type":"ListItem","position":1,"name":"Accueil","item":"https:\/\/www.lasquellec.com\/en\/"},{"@type":"ListItem","position":2,"name":"Digital marketing","item":"https:\/\/www.lasquellec.com\/en\/digital-marketing\/"},{"@type":"ListItem","position":3,"name":"Marketing Relationnel"}]},{"@type":"WebSite","@id":"https:\/\/www.lasquellec.com\/en\/#website","url":"https:\/\/www.lasquellec.com\/en\/","name":"Jean-Luc Lasquellec","description":"Pr\u00e9sident-Fondateur wallcrypt, Co-fondateur Social Maker, Entrepreneur, SEO","publisher":{"@id":"https:\/\/www.lasquellec.com\/en\/#\/schema\/person\/fa2275359e98df2854234968ff4019c8"},"potentialAction":[{"@type":"SearchAction","target":{"@type":"EntryPoint","urlTemplate":"https:\/\/www.lasquellec.com\/en\/?s={search_term_string}"},"query-input":{"@type":"PropertyValueSpecification","valueRequired":true,"valueName":"search_term_string"}}],"inLanguage":"en-US"},{"@type":["Person","Organization"],"@id":"https:\/\/www.lasquellec.com\/en\/#\/schema\/person\/fa2275359e98df2854234968ff4019c8","name":"Jean-Luc Lasquellec","image":{"@type":"ImageObject","inLanguage":"en-US","@id":"https:\/\/www.lasquellec.com\/en\/#\/schema\/person\/image\/","url":"https:\/\/www.lasquellec.com\/wp-content\/uploads\/2020\/02\/LASQUELLEC-Jean-Luc.jpg","contentUrl":"https:\/\/www.lasquellec.com\/wp-content\/uploads\/2020\/02\/LASQUELLEC-Jean-Luc.jpg","width":720,"height":720,"caption":"Jean-Luc Lasquellec"},"logo":{"@id":"https:\/\/www.lasquellec.com\/en\/#\/schema\/person\/image\/"},"description":"Entrepreneur depuis plus de 30 ans. J'ai cr\u00e9\u00e9 et d\u00e9velopp\u00e9 plusieurs entreprises dans les secteurs du r\u00e9f\u00e9rencement Google, de l'Er\u00e9putation et de la formation continue professionnelle. Depuis plusieurs ann\u00e9es je m'int\u00e9resse \u00e0 la Blockchain et \u00e0 l'IA. J'accompagne les entreprises dans la mise en \u0153uvre de la strat\u00e9gie referencement Google et visibilit\u00e9 dans les r\u00e9sultats des r\u00e9ponses IA.","sameAs":["https:\/\/www.lasquellec.com","https:\/\/www.facebook.com\/jeanluclasquellec","https:\/\/www.linkedin.com\/in\/jllasquellec\/","pinterest.com\/jllasquellec","https:\/\/x.com\/www.twitter.com\/lasquellec","https:\/\/www.youtube.com\/JeanLucLasquellec-pro","https:\/\/soundcloud.com\/lasquellec"]}]}},"_links":{"self":[{"href":"https:\/\/www.lasquellec.com\/en\/wp-json\/wp\/v2\/pages\/2739","targetHints":{"allow":["GET"]}}],"collection":[{"href":"https:\/\/www.lasquellec.com\/en\/wp-json\/wp\/v2\/pages"}],"about":[{"href":"https:\/\/www.lasquellec.com\/en\/wp-json\/wp\/v2\/types\/page"}],"author":[{"embeddable":true,"href":"https:\/\/www.lasquellec.com\/en\/wp-json\/wp\/v2\/users\/1"}],"replies":[{"embeddable":true,"href":"https:\/\/www.lasquellec.com\/en\/wp-json\/wp\/v2\/comments?post=2739"}],"version-history":[{"count":2,"href":"https:\/\/www.lasquellec.com\/en\/wp-json\/wp\/v2\/pages\/2739\/revisions"}],"predecessor-version":[{"id":2741,"href":"https:\/\/www.lasquellec.com\/en\/wp-json\/wp\/v2\/pages\/2739\/revisions\/2741"}],"up":[{"embeddable":true,"href":"https:\/\/www.lasquellec.com\/en\/wp-json\/wp\/v2\/pages\/2704"}],"wp:featuredmedia":[{"embeddable":true,"href":"https:\/\/www.lasquellec.com\/en\/wp-json\/wp\/v2\/media\/2742"}],"wp:attachment":[{"href":"https:\/\/www.lasquellec.com\/en\/wp-json\/wp\/v2\/media?parent=2739"}],"curies":[{"name":"wp","href":"https:\/\/api.w.org\/{rel}","templated":true}]}}