{"id":2680,"date":"2020-05-20T05:22:17","date_gmt":"2020-05-20T05:22:17","guid":{"rendered":"https:\/\/www.lasquellec.com\/?page_id=2680"},"modified":"2021-12-02T08:33:57","modified_gmt":"2021-12-02T08:33:57","slug":"social-selling","status":"publish","type":"page","link":"https:\/\/www.lasquellec.com\/en\/social-selling\/","title":{"rendered":"Social selling"},"content":{"rendered":"<div class=\"wpb-content-wrapper\"><p>[vc_row][vc_column width=&#8221;1\/2&#8243;][vc_single_image image=&#8221;2683&#8243; img_size=&#8221;400&#215;400&#8243;][vc_cta h2=&#8221;&#8221; h2_font_container=&#8221;color:%23000000&#8243; h2_google_fonts=&#8221;font_family:Oswald%3A300%2Cregular%2C700|font_style:400%20regular%3A400%3Anormal&#8221; txt_align=&#8221;center&#8221; add_button=&#8221;bottom&#8221; btn_title=&#8221;Social selling d\u00e9finition&#8221; btn_color=&#8221;black&#8221; btn_align=&#8221;center&#8221; use_custom_fonts_h2=&#8221;true&#8221; btn_link=&#8221;url:http%3A%2F%2Flasquellec.com%2Fsocial-selling-definition%2F|title:Social%20selling|&#8221; el_class=&#8221;lsq-btn-global-menu-page&#8221;][\/vc_cta][\/vc_column][vc_column width=&#8221;1\/2&#8243;][vc_single_image image=&#8221;2685&#8243; img_size=&#8221;400&#215;400&#8243; alignment=&#8221;center&#8221;][vc_cta h2=&#8221;&#8221; h2_font_container=&#8221;color:%23000000&#8243; h2_google_fonts=&#8221;font_family:Oswald%3A300%2Cregular%2C700|font_style:400%20regular%3A400%3Anormal&#8221; txt_align=&#8221;center&#8221; add_button=&#8221;bottom&#8221; btn_title=&#8221;Linkedin&#8221; btn_color=&#8221;black&#8221; btn_align=&#8221;center&#8221; use_custom_fonts_h2=&#8221;true&#8221; btn_link=&#8221;url:http%3A%2F%2Flasquellec.com%2Fsocial-selling%2Flinkedin%2F|title:Linkedin|&#8221; el_class=&#8221;lsq-btn-global-menu-page&#8221;][\/vc_cta][\/vc_column][\/vc_row][vc_row][vc_column][vc_single_image image=&#8221;2684&#8243; img_size=&#8221;400&#215;400&#8243; alignment=&#8221;center&#8221;][vc_cta h2=&#8221;&#8221; h2_font_container=&#8221;color:%23000000&#8243; h2_google_fonts=&#8221;font_family:Oswald%3A300%2Cregular%2C700|font_style:400%20regular%3A400%3Anormal&#8221; txt_align=&#8221;center&#8221; add_button=&#8221;bottom&#8221; btn_title=&#8221;Twitter&#8221; btn_color=&#8221;black&#8221; btn_align=&#8221;center&#8221; use_custom_fonts_h2=&#8221;true&#8221; btn_link=&#8221;url:http%3A%2F%2Flasquellec.com%2Fsocial-selling%2Ftwitter%2F|title:Twitter|&#8221; el_class=&#8221;lsq-btn-global-menu-page&#8221;][\/vc_cta][\/vc_column][\/vc_row]<\/p>\n<\/div>","protected":false},"excerpt":{"rendered":"<p>[vc_row][vc_column width=&#8221;1\/2&#8243;][vc_single_image image=&#8221;2683&#8243; img_size=&#8221;400&#215;400&#8243;][vc_cta h2=&#8221;&#8221; h2_font_container=&#8221;color:%23000000&#8243; h2_google_fonts=&#8221;font_family:Oswald%3A300%2Cregular%2C700|font_style:400%20regular%3A400%3Anormal&#8221; txt_align=&#8221;center&#8221; add_button=&#8221;bottom&#8221; btn_title=&#8221;Social selling d\u00e9finition&#8221; btn_color=&#8221;black&#8221; btn_align=&#8221;center&#8221; use_custom_fonts_h2=&#8221;true&#8221; btn_link=&#8221;url:http%3A%2F%2Flasquellec.com%2Fsocial-selling-definition%2F|title:Social%20selling|&#8221; el_class=&#8221;lsq-btn-global-menu-page&#8221;][\/vc_cta][\/vc_column][vc_column width=&#8221;1\/2&#8243;][vc_single_image image=&#8221;2685&#8243; img_size=&#8221;400&#215;400&#8243; alignment=&#8221;center&#8221;][vc_cta h2=&#8221;&#8221; h2_font_container=&#8221;color:%23000000&#8243; h2_google_fonts=&#8221;font_family:Oswald%3A300%2Cregular%2C700|font_style:400%20regular%3A400%3Anormal&#8221; txt_align=&#8221;center&#8221; add_button=&#8221;bottom&#8221; btn_title=&#8221;Linkedin&#8221; btn_color=&#8221;black&#8221; btn_align=&#8221;center&#8221; use_custom_fonts_h2=&#8221;true&#8221; btn_link=&#8221;url:http%3A%2F%2Flasquellec.com%2Fsocial-selling%2Flinkedin%2F|title:Linkedin|&#8221; el_class=&#8221;lsq-btn-global-menu-page&#8221;][\/vc_cta][\/vc_column][\/vc_row][vc_row][vc_column][vc_single_image image=&#8221;2684&#8243; img_size=&#8221;400&#215;400&#8243; alignment=&#8221;center&#8221;][vc_cta h2=&#8221;&#8221; h2_font_container=&#8221;color:%23000000&#8243; h2_google_fonts=&#8221;font_family:Oswald%3A300%2Cregular%2C700|font_style:400%20regular%3A400%3Anormal&#8221; txt_align=&#8221;center&#8221; add_button=&#8221;bottom&#8221; btn_title=&#8221;Twitter&#8221; btn_color=&#8221;black&#8221; btn_align=&#8221;center&#8221; use_custom_fonts_h2=&#8221;true&#8221; btn_link=&#8221;url:http%3A%2F%2Flasquellec.com%2Fsocial-selling%2Ftwitter%2F|title:Twitter|&#8221; el_class=&#8221;lsq-btn-global-menu-page&#8221;][\/vc_cta][\/vc_column][\/vc_row]<\/p>\n","protected":false},"author":2,"featured_media":2686,"parent":0,"menu_order":0,"comment_status":"closed","ping_status":"closed","template":"","meta":{"episode_type":"","audio_file":"","cover_image":"","cover_image_id":"","duration":"","filesize":"","date_recorded":"","explicit":"","block":"","filesize_raw":"","ngg_post_thumbnail":0,"footnotes":""},"class_list":["post-2680","page","type-page","status-publish","has-post-thumbnail","hentry"],"yoast_head":"<!-- This site is optimized with the Yoast SEO plugin v23.8 - https:\/\/yoast.com\/wordpress\/plugins\/seo\/ -->\n<title>Social selling - Jean-Luc Lasquellec<\/title>\n<meta name=\"robots\" content=\"index, follow, max-snippet:-1, max-image-preview:large, max-video-preview:-1\" \/>\n<link rel=\"canonical\" href=\"https:\/\/www.lasquellec.com\/en\/social-selling\/\" \/>\n<meta property=\"og:locale\" content=\"en_US\" \/>\n<meta property=\"og:type\" content=\"article\" \/>\n<meta property=\"og:title\" content=\"Social selling - Jean-Luc Lasquellec\" \/>\n<meta property=\"og:description\" content=\"[vc_row][vc_column width=&#8221;1\/2&#8243;][vc_single_image image=&#8221;2683&#8243; img_size=&#8221;400&#215;400&#8243;][vc_cta h2=&#8221;&#8221; h2_font_container=&#8221;color:%23000000&#8243; h2_google_fonts=&#8221;font_family:Oswald%3A300%2Cregular%2C700|font_style:400%20regular%3A400%3Anormal&#8221; txt_align=&#8221;center&#8221; add_button=&#8221;bottom&#8221; btn_title=&#8221;Social selling d\u00e9finition&#8221; btn_color=&#8221;black&#8221; btn_align=&#8221;center&#8221; use_custom_fonts_h2=&#8221;true&#8221; btn_link=&#8221;url:http%3A%2F%2Flasquellec.com%2Fsocial-selling-definition%2F|title:Social%20selling|&#8221; el_class=&#8221;lsq-btn-global-menu-page&#8221;][\/vc_cta][\/vc_column][vc_column width=&#8221;1\/2&#8243;][vc_single_image image=&#8221;2685&#8243; img_size=&#8221;400&#215;400&#8243; alignment=&#8221;center&#8221;][vc_cta h2=&#8221;&#8221; h2_font_container=&#8221;color:%23000000&#8243; h2_google_fonts=&#8221;font_family:Oswald%3A300%2Cregular%2C700|font_style:400%20regular%3A400%3Anormal&#8221; txt_align=&#8221;center&#8221; add_button=&#8221;bottom&#8221; btn_title=&#8221;Linkedin&#8221; btn_color=&#8221;black&#8221; btn_align=&#8221;center&#8221; use_custom_fonts_h2=&#8221;true&#8221; btn_link=&#8221;url:http%3A%2F%2Flasquellec.com%2Fsocial-selling%2Flinkedin%2F|title:Linkedin|&#8221; el_class=&#8221;lsq-btn-global-menu-page&#8221;][\/vc_cta][\/vc_column][\/vc_row][vc_row][vc_column][vc_single_image image=&#8221;2684&#8243; img_size=&#8221;400&#215;400&#8243; alignment=&#8221;center&#8221;][vc_cta h2=&#8221;&#8221; h2_font_container=&#8221;color:%23000000&#8243; h2_google_fonts=&#8221;font_family:Oswald%3A300%2Cregular%2C700|font_style:400%20regular%3A400%3Anormal&#8221; txt_align=&#8221;center&#8221; add_button=&#8221;bottom&#8221; btn_title=&#8221;Twitter&#8221; btn_color=&#8221;black&#8221; btn_align=&#8221;center&#8221; use_custom_fonts_h2=&#8221;true&#8221; btn_link=&#8221;url:http%3A%2F%2Flasquellec.com%2Fsocial-selling%2Ftwitter%2F|title:Twitter|&#8221; el_class=&#8221;lsq-btn-global-menu-page&#8221;][\/vc_cta][\/vc_column][\/vc_row]\" \/>\n<meta property=\"og:url\" content=\"https:\/\/www.lasquellec.com\/en\/social-selling\/\" \/>\n<meta property=\"og:site_name\" content=\"Jean-Luc Lasquellec\" \/>\n<meta property=\"article:publisher\" content=\"https:\/\/www.facebook.com\/jeanluclasquellec\" \/>\n<meta property=\"article:modified_time\" content=\"2021-12-02T08:33:57+00:00\" \/>\n<meta property=\"og:image\" content=\"https:\/\/www.lasquellec.com\/wp-content\/uploads\/2020\/02\/photo-socialselling.jpg\" \/>\n\t<meta property=\"og:image:width\" content=\"1140\" \/>\n\t<meta property=\"og:image:height\" content=\"750\" \/>\n\t<meta property=\"og:image:type\" content=\"image\/jpeg\" \/>\n<meta name=\"twitter:card\" content=\"summary_large_image\" \/>\n<meta name=\"twitter:site\" content=\"@lasquellec\" \/>\n<meta name=\"twitter:label1\" content=\"Est. reading time\" \/>\n\t<meta name=\"twitter:data1\" content=\"1 minute\" \/>\n<script type=\"application\/ld+json\" class=\"yoast-schema-graph\">{\"@context\":\"https:\/\/schema.org\",\"@graph\":[{\"@type\":\"WebPage\",\"@id\":\"https:\/\/www.lasquellec.com\/en\/social-selling\/\",\"url\":\"https:\/\/www.lasquellec.com\/en\/social-selling\/\",\"name\":\"Social selling - Jean-Luc Lasquellec\",\"isPartOf\":{\"@id\":\"https:\/\/www.lasquellec.com\/en\/#website\"},\"primaryImageOfPage\":{\"@id\":\"https:\/\/www.lasquellec.com\/en\/social-selling\/#primaryimage\"},\"image\":{\"@id\":\"https:\/\/www.lasquellec.com\/en\/social-selling\/#primaryimage\"},\"thumbnailUrl\":\"https:\/\/www.lasquellec.com\/wp-content\/uploads\/2020\/02\/photo-socialselling.jpg\",\"datePublished\":\"2020-05-20T05:22:17+00:00\",\"dateModified\":\"2021-12-02T08:33:57+00:00\",\"breadcrumb\":{\"@id\":\"https:\/\/www.lasquellec.com\/en\/social-selling\/#breadcrumb\"},\"inLanguage\":\"en-US\",\"potentialAction\":[{\"@type\":\"ReadAction\",\"target\":[\"https:\/\/www.lasquellec.com\/en\/social-selling\/\"]}]},{\"@type\":\"ImageObject\",\"inLanguage\":\"en-US\",\"@id\":\"https:\/\/www.lasquellec.com\/en\/social-selling\/#primaryimage\",\"url\":\"https:\/\/www.lasquellec.com\/wp-content\/uploads\/2020\/02\/photo-socialselling.jpg\",\"contentUrl\":\"https:\/\/www.lasquellec.com\/wp-content\/uploads\/2020\/02\/photo-socialselling.jpg\",\"width\":1140,\"height\":750},{\"@type\":\"BreadcrumbList\",\"@id\":\"https:\/\/www.lasquellec.com\/en\/social-selling\/#breadcrumb\",\"itemListElement\":[{\"@type\":\"ListItem\",\"position\":1,\"name\":\"Accueil\",\"item\":\"https:\/\/www.lasquellec.com\/en\/\"},{\"@type\":\"ListItem\",\"position\":2,\"name\":\"Social selling\"}]},{\"@type\":\"WebSite\",\"@id\":\"https:\/\/www.lasquellec.com\/en\/#website\",\"url\":\"https:\/\/www.lasquellec.com\/en\/\",\"name\":\"Jean-Luc Lasquellec\",\"description\":\"Pr\u00e9sident-Fondateur wallcrypt, Co-fondateur Social Maker, Entrepreneur, SEO\",\"publisher\":{\"@id\":\"https:\/\/www.lasquellec.com\/en\/#\/schema\/person\/fa2275359e98df2854234968ff4019c8\"},\"potentialAction\":[{\"@type\":\"SearchAction\",\"target\":{\"@type\":\"EntryPoint\",\"urlTemplate\":\"https:\/\/www.lasquellec.com\/en\/?s={search_term_string}\"},\"query-input\":{\"@type\":\"PropertyValueSpecification\",\"valueRequired\":true,\"valueName\":\"search_term_string\"}}],\"inLanguage\":\"en-US\"},{\"@type\":[\"Person\",\"Organization\"],\"@id\":\"https:\/\/www.lasquellec.com\/en\/#\/schema\/person\/fa2275359e98df2854234968ff4019c8\",\"name\":\"Jean-Luc Lasquellec\",\"image\":{\"@type\":\"ImageObject\",\"inLanguage\":\"en-US\",\"@id\":\"https:\/\/www.lasquellec.com\/en\/#\/schema\/person\/image\/\",\"url\":\"https:\/\/www.lasquellec.com\/wp-content\/uploads\/2020\/02\/LASQUELLEC-Jean-Luc.jpg\",\"contentUrl\":\"https:\/\/www.lasquellec.com\/wp-content\/uploads\/2020\/02\/LASQUELLEC-Jean-Luc.jpg\",\"width\":720,\"height\":720,\"caption\":\"Jean-Luc Lasquellec\"},\"logo\":{\"@id\":\"https:\/\/www.lasquellec.com\/en\/#\/schema\/person\/image\/\"},\"description\":\"Entrepreneur depuis plus de 30 ans. J'ai cr\u00e9\u00e9 et d\u00e9velopp\u00e9 plusieurs entreprises dans les secteurs du r\u00e9f\u00e9rencement Google, de l'Er\u00e9putation et de la formation continue professionnelle. Depuis plusieurs ann\u00e9es je m'int\u00e9resse \u00e0 la Blockchain et \u00e0 l'IA. J'accompagne les entreprises dans la mise en \u0153uvre de la strat\u00e9gie referencement Google et visibilit\u00e9 dans les r\u00e9sultats des r\u00e9ponses IA.\",\"sameAs\":[\"https:\/\/www.lasquellec.com\",\"https:\/\/www.facebook.com\/jeanluclasquellec\",\"https:\/\/www.linkedin.com\/in\/jllasquellec\/\",\"pinterest.com\/jllasquellec\",\"https:\/\/x.com\/www.twitter.com\/lasquellec\",\"https:\/\/www.youtube.com\/JeanLucLasquellec-pro\",\"https:\/\/soundcloud.com\/lasquellec\"]}]}<\/script>\n<!-- \/ Yoast SEO plugin. -->","yoast_head_json":{"title":"Social selling - Jean-Luc Lasquellec","robots":{"index":"index","follow":"follow","max-snippet":"max-snippet:-1","max-image-preview":"max-image-preview:large","max-video-preview":"max-video-preview:-1"},"canonical":"https:\/\/www.lasquellec.com\/en\/social-selling\/","og_locale":"en_US","og_type":"article","og_title":"Social selling - Jean-Luc Lasquellec","og_description":"[vc_row][vc_column width=&#8221;1\/2&#8243;][vc_single_image image=&#8221;2683&#8243; img_size=&#8221;400&#215;400&#8243;][vc_cta h2=&#8221;&#8221; h2_font_container=&#8221;color:%23000000&#8243; h2_google_fonts=&#8221;font_family:Oswald%3A300%2Cregular%2C700|font_style:400%20regular%3A400%3Anormal&#8221; txt_align=&#8221;center&#8221; add_button=&#8221;bottom&#8221; btn_title=&#8221;Social selling d\u00e9finition&#8221; btn_color=&#8221;black&#8221; btn_align=&#8221;center&#8221; use_custom_fonts_h2=&#8221;true&#8221; btn_link=&#8221;url:http%3A%2F%2Flasquellec.com%2Fsocial-selling-definition%2F|title:Social%20selling|&#8221; el_class=&#8221;lsq-btn-global-menu-page&#8221;][\/vc_cta][\/vc_column][vc_column width=&#8221;1\/2&#8243;][vc_single_image image=&#8221;2685&#8243; img_size=&#8221;400&#215;400&#8243; alignment=&#8221;center&#8221;][vc_cta h2=&#8221;&#8221; h2_font_container=&#8221;color:%23000000&#8243; h2_google_fonts=&#8221;font_family:Oswald%3A300%2Cregular%2C700|font_style:400%20regular%3A400%3Anormal&#8221; txt_align=&#8221;center&#8221; add_button=&#8221;bottom&#8221; btn_title=&#8221;Linkedin&#8221; btn_color=&#8221;black&#8221; btn_align=&#8221;center&#8221; use_custom_fonts_h2=&#8221;true&#8221; btn_link=&#8221;url:http%3A%2F%2Flasquellec.com%2Fsocial-selling%2Flinkedin%2F|title:Linkedin|&#8221; el_class=&#8221;lsq-btn-global-menu-page&#8221;][\/vc_cta][\/vc_column][\/vc_row][vc_row][vc_column][vc_single_image image=&#8221;2684&#8243; img_size=&#8221;400&#215;400&#8243; alignment=&#8221;center&#8221;][vc_cta h2=&#8221;&#8221; h2_font_container=&#8221;color:%23000000&#8243; h2_google_fonts=&#8221;font_family:Oswald%3A300%2Cregular%2C700|font_style:400%20regular%3A400%3Anormal&#8221; txt_align=&#8221;center&#8221; add_button=&#8221;bottom&#8221; btn_title=&#8221;Twitter&#8221; btn_color=&#8221;black&#8221; btn_align=&#8221;center&#8221; use_custom_fonts_h2=&#8221;true&#8221; btn_link=&#8221;url:http%3A%2F%2Flasquellec.com%2Fsocial-selling%2Ftwitter%2F|title:Twitter|&#8221; el_class=&#8221;lsq-btn-global-menu-page&#8221;][\/vc_cta][\/vc_column][\/vc_row]","og_url":"https:\/\/www.lasquellec.com\/en\/social-selling\/","og_site_name":"Jean-Luc Lasquellec","article_publisher":"https:\/\/www.facebook.com\/jeanluclasquellec","article_modified_time":"2021-12-02T08:33:57+00:00","og_image":[{"width":1140,"height":750,"url":"https:\/\/www.lasquellec.com\/wp-content\/uploads\/2020\/02\/photo-socialselling.jpg","type":"image\/jpeg"}],"twitter_card":"summary_large_image","twitter_site":"@lasquellec","twitter_misc":{"Est. reading time":"1 minute"},"schema":{"@context":"https:\/\/schema.org","@graph":[{"@type":"WebPage","@id":"https:\/\/www.lasquellec.com\/en\/social-selling\/","url":"https:\/\/www.lasquellec.com\/en\/social-selling\/","name":"Social selling - Jean-Luc Lasquellec","isPartOf":{"@id":"https:\/\/www.lasquellec.com\/en\/#website"},"primaryImageOfPage":{"@id":"https:\/\/www.lasquellec.com\/en\/social-selling\/#primaryimage"},"image":{"@id":"https:\/\/www.lasquellec.com\/en\/social-selling\/#primaryimage"},"thumbnailUrl":"https:\/\/www.lasquellec.com\/wp-content\/uploads\/2020\/02\/photo-socialselling.jpg","datePublished":"2020-05-20T05:22:17+00:00","dateModified":"2021-12-02T08:33:57+00:00","breadcrumb":{"@id":"https:\/\/www.lasquellec.com\/en\/social-selling\/#breadcrumb"},"inLanguage":"en-US","potentialAction":[{"@type":"ReadAction","target":["https:\/\/www.lasquellec.com\/en\/social-selling\/"]}]},{"@type":"ImageObject","inLanguage":"en-US","@id":"https:\/\/www.lasquellec.com\/en\/social-selling\/#primaryimage","url":"https:\/\/www.lasquellec.com\/wp-content\/uploads\/2020\/02\/photo-socialselling.jpg","contentUrl":"https:\/\/www.lasquellec.com\/wp-content\/uploads\/2020\/02\/photo-socialselling.jpg","width":1140,"height":750},{"@type":"BreadcrumbList","@id":"https:\/\/www.lasquellec.com\/en\/social-selling\/#breadcrumb","itemListElement":[{"@type":"ListItem","position":1,"name":"Accueil","item":"https:\/\/www.lasquellec.com\/en\/"},{"@type":"ListItem","position":2,"name":"Social selling"}]},{"@type":"WebSite","@id":"https:\/\/www.lasquellec.com\/en\/#website","url":"https:\/\/www.lasquellec.com\/en\/","name":"Jean-Luc Lasquellec","description":"Pr\u00e9sident-Fondateur wallcrypt, Co-fondateur Social Maker, Entrepreneur, SEO","publisher":{"@id":"https:\/\/www.lasquellec.com\/en\/#\/schema\/person\/fa2275359e98df2854234968ff4019c8"},"potentialAction":[{"@type":"SearchAction","target":{"@type":"EntryPoint","urlTemplate":"https:\/\/www.lasquellec.com\/en\/?s={search_term_string}"},"query-input":{"@type":"PropertyValueSpecification","valueRequired":true,"valueName":"search_term_string"}}],"inLanguage":"en-US"},{"@type":["Person","Organization"],"@id":"https:\/\/www.lasquellec.com\/en\/#\/schema\/person\/fa2275359e98df2854234968ff4019c8","name":"Jean-Luc Lasquellec","image":{"@type":"ImageObject","inLanguage":"en-US","@id":"https:\/\/www.lasquellec.com\/en\/#\/schema\/person\/image\/","url":"https:\/\/www.lasquellec.com\/wp-content\/uploads\/2020\/02\/LASQUELLEC-Jean-Luc.jpg","contentUrl":"https:\/\/www.lasquellec.com\/wp-content\/uploads\/2020\/02\/LASQUELLEC-Jean-Luc.jpg","width":720,"height":720,"caption":"Jean-Luc Lasquellec"},"logo":{"@id":"https:\/\/www.lasquellec.com\/en\/#\/schema\/person\/image\/"},"description":"Entrepreneur depuis plus de 30 ans. J'ai cr\u00e9\u00e9 et d\u00e9velopp\u00e9 plusieurs entreprises dans les secteurs du r\u00e9f\u00e9rencement Google, de l'Er\u00e9putation et de la formation continue professionnelle. Depuis plusieurs ann\u00e9es je m'int\u00e9resse \u00e0 la Blockchain et \u00e0 l'IA. J'accompagne les entreprises dans la mise en \u0153uvre de la strat\u00e9gie referencement Google et visibilit\u00e9 dans les r\u00e9sultats des r\u00e9ponses IA.","sameAs":["https:\/\/www.lasquellec.com","https:\/\/www.facebook.com\/jeanluclasquellec","https:\/\/www.linkedin.com\/in\/jllasquellec\/","pinterest.com\/jllasquellec","https:\/\/x.com\/www.twitter.com\/lasquellec","https:\/\/www.youtube.com\/JeanLucLasquellec-pro","https:\/\/soundcloud.com\/lasquellec"]}]}},"_links":{"self":[{"href":"https:\/\/www.lasquellec.com\/en\/wp-json\/wp\/v2\/pages\/2680","targetHints":{"allow":["GET"]}}],"collection":[{"href":"https:\/\/www.lasquellec.com\/en\/wp-json\/wp\/v2\/pages"}],"about":[{"href":"https:\/\/www.lasquellec.com\/en\/wp-json\/wp\/v2\/types\/page"}],"author":[{"embeddable":true,"href":"https:\/\/www.lasquellec.com\/en\/wp-json\/wp\/v2\/users\/2"}],"replies":[{"embeddable":true,"href":"https:\/\/www.lasquellec.com\/en\/wp-json\/wp\/v2\/comments?post=2680"}],"version-history":[{"count":10,"href":"https:\/\/www.lasquellec.com\/en\/wp-json\/wp\/v2\/pages\/2680\/revisions"}],"predecessor-version":[{"id":4340,"href":"https:\/\/www.lasquellec.com\/en\/wp-json\/wp\/v2\/pages\/2680\/revisions\/4340"}],"wp:featuredmedia":[{"embeddable":true,"href":"https:\/\/www.lasquellec.com\/en\/wp-json\/wp\/v2\/media\/2686"}],"wp:attachment":[{"href":"https:\/\/www.lasquellec.com\/en\/wp-json\/wp\/v2\/media?parent=2680"}],"curies":[{"name":"wp","href":"https:\/\/api.w.org\/{rel}","templated":true}]}}